{"id":2147,"date":"2021-03-12T15:14:38","date_gmt":"2021-03-12T20:14:38","guid":{"rendered":"https:\/\/abelectronics.com.ec\/?page_id=2147"},"modified":"2024-06-05T21:02:22","modified_gmt":"2024-06-06T02:02:22","slug":"servicios","status":"publish","type":"page","link":"https:\/\/abelectronics.com.ec\/?page_id=2147","title":{"rendered":"SERVICIOS"},"content":{"rendered":"\t\t<div data-elementor-type=\"wp-page\" data-elementor-id=\"2147\" class=\"elementor elementor-2147\">\n\t\t\t\t\t\t\t\t\t<section class=\"elementor-section elementor-top-section elementor-element elementor-element-1645e05 elementor-section-full_width elementor-section-height-default elementor-section-height-default\" data-id=\"1645e05\" data-element_type=\"section\">\n\t\t\t\t\t\t<div class=\"elementor-container elementor-column-gap-default\">\n\t\t\t\t\t<div class=\"elementor-column elementor-col-100 elementor-top-column elementor-element elementor-element-07cad9a\" data-id=\"07cad9a\" data-element_type=\"column\">\n\t\t\t<div class=\"elementor-widget-wrap elementor-element-populated\">\n\t\t\t\t\t\t\t\t<section class=\"elementor-section elementor-inner-section elementor-element elementor-element-cf15f9b elementor-section-boxed elementor-section-height-default elementor-section-height-default\" data-id=\"cf15f9b\" data-element_type=\"section\" data-settings=\"{&quot;background_background&quot;:&quot;classic&quot;}\">\n\t\t\t\t\t\t<div class=\"elementor-container elementor-column-gap-default\">\n\t\t\t\t\t<div class=\"elementor-column elementor-col-100 elementor-inner-column elementor-element elementor-element-a5a7061\" data-id=\"a5a7061\" data-element_type=\"column\">\n\t\t\t<div class=\"elementor-widget-wrap elementor-element-populated\">\n\t\t\t\t\t\t\t\t<div class=\"elementor-element elementor-element-4669043 elementor-invisible elementor-widget elementor-widget-heading\" data-id=\"4669043\" data-element_type=\"widget\" data-settings=\"{&quot;_animation&quot;:&quot;fadeInUp&quot;}\" data-widget_type=\"heading.default\">\n\t\t\t\t<div class=\"elementor-widget-container\">\n\t\t\t<h3 class=\"elementor-heading-title elementor-size-xl\">INGENIERIA ELECTR\u00d3NICA<\/h3>\t\t<\/div>\n\t\t\t\t<\/div>\n\t\t\t\t\t<\/div>\n\t\t<\/div>\n\t\t\t\t\t\t\t<\/div>\n\t\t<\/section>\n\t\t\t\t<div class=\"elementor-element elementor-element-6e9a1d5 elementor-widget elementor-widget-toggle\" data-id=\"6e9a1d5\" data-element_type=\"widget\" data-widget_type=\"toggle.default\">\n\t\t\t\t<div class=\"elementor-widget-container\">\n\t\t\t\t\t<div class=\"elementor-toggle\">\n\t\t\t\t\t\t\t<div class=\"elementor-toggle-item\">\n\t\t\t\t\t<div id=\"elementor-tab-title-1151\" class=\"elementor-tab-title\" data-tab=\"1\" role=\"button\" aria-controls=\"elementor-tab-content-1151\" aria-expanded=\"false\">\n\t\t\t\t\t\t\t\t\t\t\t\t<span class=\"elementor-toggle-icon elementor-toggle-icon-left\" aria-hidden=\"true\">\n\t\t\t\t\t\t\t\t\t\t\t\t\t\t\t<span class=\"elementor-toggle-icon-closed\"><i class=\"fas fa-caret-right\"><\/i><\/span>\n\t\t\t\t\t\t\t\t<span class=\"elementor-toggle-icon-opened\"><i class=\"elementor-toggle-icon-opened fas fa-caret-up\"><\/i><\/span>\n\t\t\t\t\t\t\t\t\t\t\t\t\t<\/span>\n\t\t\t\t\t\t\t\t\t\t\t\t<a class=\"elementor-toggle-title\" tabindex=\"0\">DOM\u00d3TICA <\/a>\n\t\t\t\t\t<\/div>\n\n\t\t\t\t\t<div id=\"elementor-tab-content-1151\" class=\"elementor-tab-content elementor-clearfix\" data-tab=\"1\" role=\"region\" aria-labelledby=\"elementor-tab-title-1151\"><ul style=\"font-size: 16px;\"><li style=\"font-size: 16px;\"><span style=\"font-weight: bold; color: #ff6600;\"><i>CONTROL DE ILUMINACION<\/i><\/span><\/li><\/ul><ul style=\"font-size: 16px;\"><li style=\"font-size: 16px;\"><span style=\"font-weight: bold; color: #ff6600;\"><i>CONTROL DE AUDIO<\/i><\/span><\/li><\/ul><ul style=\"font-size: 16px;\"><li style=\"font-size: 16px;\"><span style=\"font-weight: bold; color: #ff6600;\"><i>CONTROL DE TEMPERATURA<\/i><\/span><\/li><\/ul><ul style=\"font-size: 16px;\"><li style=\"font-size: 16px;\"><span style=\"font-weight: bold; color: #ff6600;\"><i>CONTROL DE CORTINAS<\/i><\/span><\/li><\/ul><ul style=\"font-size: 16px;\"><li style=\"font-size: 16px;\"><span style=\"font-weight: bold; color: #ff6600;\"><i>CONTROL MULTIMEDIA<\/i><\/span><\/li><\/ul><\/div>\n\t\t\t\t<\/div>\n\t\t\t\t\t\t\t<div class=\"elementor-toggle-item\">\n\t\t\t\t\t<div id=\"elementor-tab-title-1152\" class=\"elementor-tab-title\" data-tab=\"2\" role=\"button\" aria-controls=\"elementor-tab-content-1152\" aria-expanded=\"false\">\n\t\t\t\t\t\t\t\t\t\t\t\t<span class=\"elementor-toggle-icon elementor-toggle-icon-left\" aria-hidden=\"true\">\n\t\t\t\t\t\t\t\t\t\t\t\t\t\t\t<span class=\"elementor-toggle-icon-closed\"><i class=\"fas fa-caret-right\"><\/i><\/span>\n\t\t\t\t\t\t\t\t<span class=\"elementor-toggle-icon-opened\"><i class=\"elementor-toggle-icon-opened fas fa-caret-up\"><\/i><\/span>\n\t\t\t\t\t\t\t\t\t\t\t\t\t<\/span>\n\t\t\t\t\t\t\t\t\t\t\t\t<a class=\"elementor-toggle-title\" tabindex=\"0\">AUTOMATIZACI\u00d3N INDUSTRIAL<\/a>\n\t\t\t\t\t<\/div>\n\n\t\t\t\t\t<div id=\"elementor-tab-content-1152\" class=\"elementor-tab-content elementor-clearfix\" data-tab=\"2\" role=\"region\" aria-labelledby=\"elementor-tab-title-1152\"><ul style=\"font-size: 16px;\"><li style=\"font-size: 16px;\"><span style=\"font-weight: bold; color: #ff6600;\"><i>CONTROL DE MOTORES ELECTRICOS<\/i><\/span><\/li><\/ul><ul style=\"font-size: 16px;\"><li style=\"font-size: 16px;\"><span style=\"font-weight: bold; color: #ff6600;\"><i>\u00a0TRANSFERENCIAS ELECTRICAS AUTOMATICAS Y MANUALES<\/i><\/span><\/li><\/ul><ul style=\"font-size: 16px;\"><li style=\"font-size: 16px;\"><span style=\"font-weight: bold; color: #ff6600;\"><i>AUTOMATIZACION DE MAQUINARIAS Y PROCESOS INDUSTRIALES<\/i><\/span><\/li><\/ul><ul style=\"font-size: 16px;\"><li style=\"font-size: 16px;\"><span style=\"font-weight: bold; color: #ff6600;\"><i>DISE\u00d1O Y CONSTRUCCION DE TABLEROS ELECTRICOS DE CONTROL<\/i><\/span><\/li><\/ul><ul style=\"font-size: 16px;\"><li style=\"font-size: 16px;\"><span style=\"font-weight: bold; color: #ff6600;\"><i>PROGRAMACION DE PLCS, VARIADORES DE FRECUENCIA, HMIS<\/i><\/span><\/li><\/ul><ul style=\"font-size: 16px;\"><li style=\"font-size: 16px;\"><span style=\"font-weight: bold; color: #ff6600;\"><i>\u00a0CALCULO DE BANCO DE CONDENSADORES<\/i><\/span><\/li><\/ul><\/div>\n\t\t\t\t<\/div>\n\t\t\t\t\t\t\t<div class=\"elementor-toggle-item\">\n\t\t\t\t\t<div id=\"elementor-tab-title-1153\" class=\"elementor-tab-title\" data-tab=\"3\" role=\"button\" aria-controls=\"elementor-tab-content-1153\" aria-expanded=\"false\">\n\t\t\t\t\t\t\t\t\t\t\t\t<span class=\"elementor-toggle-icon elementor-toggle-icon-left\" aria-hidden=\"true\">\n\t\t\t\t\t\t\t\t\t\t\t\t\t\t\t<span class=\"elementor-toggle-icon-closed\"><i class=\"fas fa-caret-right\"><\/i><\/span>\n\t\t\t\t\t\t\t\t<span class=\"elementor-toggle-icon-opened\"><i class=\"elementor-toggle-icon-opened fas fa-caret-up\"><\/i><\/span>\n\t\t\t\t\t\t\t\t\t\t\t\t\t<\/span>\n\t\t\t\t\t\t\t\t\t\t\t\t<a class=\"elementor-toggle-title\" tabindex=\"0\">DISE\u00d1O ELECTR\u00d3NICO<\/a>\n\t\t\t\t\t<\/div>\n\n\t\t\t\t\t<div id=\"elementor-tab-content-1153\" class=\"elementor-tab-content elementor-clearfix\" data-tab=\"3\" role=\"region\" aria-labelledby=\"elementor-tab-title-1153\"><ul style=\"font-size: 16px;\"><li style=\"font-size: 16px;\"><span style=\"font-weight: bold; color: #ff6600;\"><i>DISE\u00d1O DE HARDWARE<\/i><\/span><\/li><\/ul><ul style=\"font-size: 16px;\"><li style=\"font-size: 16px;\"><span style=\"font-weight: bold; color: #ff6600;\"><i>DESARROLLO DE SOFTWARE\u00a0<\/i><\/span><\/li><\/ul><ul style=\"font-size: 16px;\"><li style=\"font-size: 16px;\"><span style=\"font-weight: bold; color: #ff6600;\"><i>INGENIERIA DE PRODUCTO\u00a0<\/i><\/span><\/li><\/ul><ul style=\"font-size: 16px;\"><li style=\"font-size: 16px;\"><span style=\"font-weight: bold; color: #ff6600;\"><i>PROTOTIPOS\u00a0<\/i><\/span><\/li><\/ul><ul style=\"font-size: 16px;\"><li style=\"font-size: 16px;\"><span style=\"font-weight: bold; color: #ff6600;\"><i>DISE\u00d1O Y FABRICACI\u00d3N DE PCB\u00b4S<\/i><\/span><\/li><\/ul><\/div>\n\t\t\t\t<\/div>\n\t\t\t\t\t\t\t<div class=\"elementor-toggle-item\">\n\t\t\t\t\t<div id=\"elementor-tab-title-1154\" class=\"elementor-tab-title\" data-tab=\"4\" role=\"button\" aria-controls=\"elementor-tab-content-1154\" aria-expanded=\"false\">\n\t\t\t\t\t\t\t\t\t\t\t\t<span class=\"elementor-toggle-icon elementor-toggle-icon-left\" aria-hidden=\"true\">\n\t\t\t\t\t\t\t\t\t\t\t\t\t\t\t<span class=\"elementor-toggle-icon-closed\"><i class=\"fas fa-caret-right\"><\/i><\/span>\n\t\t\t\t\t\t\t\t<span class=\"elementor-toggle-icon-opened\"><i class=\"elementor-toggle-icon-opened fas fa-caret-up\"><\/i><\/span>\n\t\t\t\t\t\t\t\t\t\t\t\t\t<\/span>\n\t\t\t\t\t\t\t\t\t\t\t\t<a class=\"elementor-toggle-title\" tabindex=\"0\">SEGURIDAD ELECTRONICA<\/a>\n\t\t\t\t\t<\/div>\n\n\t\t\t\t\t<div id=\"elementor-tab-content-1154\" class=\"elementor-tab-content elementor-clearfix\" data-tab=\"4\" role=\"region\" aria-labelledby=\"elementor-tab-title-1154\"><ul style=\"font-size: 16px;\"><li style=\"font-size: 16px;\"><span style=\"font-weight: bold; color: #ff6600;\"><i>CONTROL DE ILUMINACION<\/i><\/span><\/li><\/ul><ul style=\"font-size: 16px;\"><li style=\"font-size: 16px;\"><span style=\"font-weight: bold; color: #ff6600;\"><i>CONTROL DE AUDIO<\/i><\/span><\/li><\/ul><ul style=\"font-size: 16px;\"><li style=\"font-size: 16px;\"><span style=\"font-weight: bold; color: #ff6600;\"><i>CONTROL DE TEMPERATURA<\/i><\/span><\/li><\/ul><ul style=\"font-size: 16px;\"><li style=\"font-size: 16px;\"><span style=\"color: #ff6600;\"><i><b>CONTROL DE CORTINAS<\/b><\/i><\/span><\/li><\/ul><ul style=\"font-size: 16px;\"><li style=\"font-size: 16px;\"><span style=\"font-weight: bold; color: #ff6600;\"><i>CONTROL MULTIMEDIA<\/i><\/span><\/li><\/ul><\/div>\n\t\t\t\t<\/div>\n\t\t\t\t\t\t\t\t<\/div>\n\t\t\t\t<\/div>\n\t\t\t\t<\/div>\n\t\t\t\t<div class=\"elementor-element elementor-element-139fd69 elementor-widget elementor-widget-spacer\" data-id=\"139fd69\" data-element_type=\"widget\" data-widget_type=\"spacer.default\">\n\t\t\t\t<div class=\"elementor-widget-container\">\n\t\t\t\t\t<div class=\"elementor-spacer\">\n\t\t\t<div class=\"elementor-spacer-inner\"><\/div>\n\t\t<\/div>\n\t\t\t\t<\/div>\n\t\t\t\t<\/div>\n\t\t\t\t<div class=\"elementor-element elementor-element-f31de30 elementor-invisible elementor-widget elementor-widget-heading\" data-id=\"f31de30\" data-element_type=\"widget\" data-settings=\"{&quot;_animation&quot;:&quot;fadeInUp&quot;}\" data-widget_type=\"heading.default\">\n\t\t\t\t<div class=\"elementor-widget-container\">\n\t\t\t<h3 class=\"elementor-heading-title elementor-size-xl\">INGENIERIA ELECTRICA<\/h3>\t\t<\/div>\n\t\t\t\t<\/div>\n\t\t\t\t<div class=\"elementor-element elementor-element-fab2479 elementor-widget elementor-widget-toggle\" data-id=\"fab2479\" data-element_type=\"widget\" data-widget_type=\"toggle.default\">\n\t\t\t\t<div class=\"elementor-widget-container\">\n\t\t\t\t\t<div class=\"elementor-toggle\">\n\t\t\t\t\t\t\t<div class=\"elementor-toggle-item\">\n\t\t\t\t\t<div id=\"elementor-tab-title-2621\" class=\"elementor-tab-title\" data-tab=\"1\" role=\"button\" aria-controls=\"elementor-tab-content-2621\" aria-expanded=\"false\">\n\t\t\t\t\t\t\t\t\t\t\t\t<span class=\"elementor-toggle-icon elementor-toggle-icon-left\" aria-hidden=\"true\">\n\t\t\t\t\t\t\t\t\t\t\t\t\t\t\t<span class=\"elementor-toggle-icon-closed\"><i class=\"fas fa-caret-right\"><\/i><\/span>\n\t\t\t\t\t\t\t\t<span class=\"elementor-toggle-icon-opened\"><i class=\"elementor-toggle-icon-opened fas fa-caret-up\"><\/i><\/span>\n\t\t\t\t\t\t\t\t\t\t\t\t\t<\/span>\n\t\t\t\t\t\t\t\t\t\t\t\t<a class=\"elementor-toggle-title\" tabindex=\"0\">REDES ELECTRICAS<\/a>\n\t\t\t\t\t<\/div>\n\n\t\t\t\t\t<div id=\"elementor-tab-content-2621\" class=\"elementor-tab-content elementor-clearfix\" data-tab=\"1\" role=\"region\" aria-labelledby=\"elementor-tab-title-2621\"><ul style=\"font-size: 16px;\"><li style=\"font-size: 16px;\"><span style=\"color: #ff6600;\"><b><i>ESTUDIO, DISENO Y CONSTRUCCION DE REDES DE DISTRIBUCION<\/i><\/b><\/span><\/li><\/ul><\/div>\n\t\t\t\t<\/div>\n\t\t\t\t\t\t\t<div class=\"elementor-toggle-item\">\n\t\t\t\t\t<div id=\"elementor-tab-title-2622\" class=\"elementor-tab-title\" data-tab=\"2\" role=\"button\" aria-controls=\"elementor-tab-content-2622\" aria-expanded=\"false\">\n\t\t\t\t\t\t\t\t\t\t\t\t<span class=\"elementor-toggle-icon elementor-toggle-icon-left\" aria-hidden=\"true\">\n\t\t\t\t\t\t\t\t\t\t\t\t\t\t\t<span class=\"elementor-toggle-icon-closed\"><i class=\"fas fa-caret-right\"><\/i><\/span>\n\t\t\t\t\t\t\t\t<span class=\"elementor-toggle-icon-opened\"><i class=\"elementor-toggle-icon-opened fas fa-caret-up\"><\/i><\/span>\n\t\t\t\t\t\t\t\t\t\t\t\t\t<\/span>\n\t\t\t\t\t\t\t\t\t\t\t\t<a class=\"elementor-toggle-title\" tabindex=\"0\">INSTALACIONES ELECTRICAS<\/a>\n\t\t\t\t\t<\/div>\n\n\t\t\t\t\t<div id=\"elementor-tab-content-2622\" class=\"elementor-tab-content elementor-clearfix\" data-tab=\"2\" role=\"region\" aria-labelledby=\"elementor-tab-title-2622\"><ul style=\"font-size: 16px;\"><li style=\"font-size: 16px; text-align: left;\"><span style=\"color: #ff6600;\"><b><i>INSTALACIONES ELECTRICAS RESIDENCIALES<\/i><\/b><\/span><\/li><li style=\"font-size: 16px;\"><span style=\"color: #ff6600;\"><b><i>INSTALACIONES ELECTRICAS COMERCIALES<\/i><\/b><\/span><\/li><li style=\"font-size: 16px;\"><span style=\"color: #ff6600;\"><b><i>INSTALACIONES ELECTRICAS INDUSTRIALES<\/i><\/b><\/span><\/li><\/ul><\/div>\n\t\t\t\t<\/div>\n\t\t\t\t\t\t\t<div class=\"elementor-toggle-item\">\n\t\t\t\t\t<div id=\"elementor-tab-title-2623\" class=\"elementor-tab-title\" data-tab=\"3\" role=\"button\" aria-controls=\"elementor-tab-content-2623\" aria-expanded=\"false\">\n\t\t\t\t\t\t\t\t\t\t\t\t<span class=\"elementor-toggle-icon elementor-toggle-icon-left\" aria-hidden=\"true\">\n\t\t\t\t\t\t\t\t\t\t\t\t\t\t\t<span class=\"elementor-toggle-icon-closed\"><i class=\"fas fa-caret-right\"><\/i><\/span>\n\t\t\t\t\t\t\t\t<span class=\"elementor-toggle-icon-opened\"><i class=\"elementor-toggle-icon-opened fas fa-caret-up\"><\/i><\/span>\n\t\t\t\t\t\t\t\t\t\t\t\t\t<\/span>\n\t\t\t\t\t\t\t\t\t\t\t\t<a class=\"elementor-toggle-title\" tabindex=\"0\">DISE\u00d1OS DE SISTEMAS DE ILUMINACION<\/a>\n\t\t\t\t\t<\/div>\n\n\t\t\t\t\t<div id=\"elementor-tab-content-2623\" class=\"elementor-tab-content elementor-clearfix\" data-tab=\"3\" role=\"region\" aria-labelledby=\"elementor-tab-title-2623\"><ul style=\"font-size: 16px;\"><li style=\"font-size: 16px;\"><span style=\"color: #ff6600;\"><b><i>CALCULOS LUMINICOS<\/i><\/b><\/span><\/li><li style=\"font-size: 16px;\"><span style=\"color: #ff6600;\"><b><i>DISE\u00d1O ELECTRICO PARA SISTEMAS DE ILUMINACION<\/i><\/b><\/span><\/li><\/ul><\/div>\n\t\t\t\t<\/div>\n\t\t\t\t\t\t\t<div class=\"elementor-toggle-item\">\n\t\t\t\t\t<div id=\"elementor-tab-title-2624\" class=\"elementor-tab-title\" data-tab=\"4\" role=\"button\" aria-controls=\"elementor-tab-content-2624\" aria-expanded=\"false\">\n\t\t\t\t\t\t\t\t\t\t\t\t<span class=\"elementor-toggle-icon elementor-toggle-icon-left\" aria-hidden=\"true\">\n\t\t\t\t\t\t\t\t\t\t\t\t\t\t\t<span class=\"elementor-toggle-icon-closed\"><i class=\"fas fa-caret-right\"><\/i><\/span>\n\t\t\t\t\t\t\t\t<span class=\"elementor-toggle-icon-opened\"><i class=\"elementor-toggle-icon-opened fas fa-caret-up\"><\/i><\/span>\n\t\t\t\t\t\t\t\t\t\t\t\t\t<\/span>\n\t\t\t\t\t\t\t\t\t\t\t\t<a class=\"elementor-toggle-title\" tabindex=\"0\">SISTEMAS DE PUESTA A TIERRA\u200b<\/a>\n\t\t\t\t\t<\/div>\n\n\t\t\t\t\t<div id=\"elementor-tab-content-2624\" class=\"elementor-tab-content elementor-clearfix\" data-tab=\"4\" role=\"region\" aria-labelledby=\"elementor-tab-title-2624\"><ul style=\"font-size: 16px;\"><li style=\"font-size: 16px;\"><span style=\"font-size: 16px; color: #ff6600;\"><b><i>MANTENIMIENTO DE SISTEMAS DE PUESTA A TIERRA<\/i><\/b><\/span><\/li><li style=\"font-size: 16px;\"><span style=\"font-size: 16px; color: #ff6600;\"><b><i>DISE\u00d1O Y CONSTRUCION DE PUESTAS A TIERRA<\/i><\/b><\/span><\/li><\/ul><\/div>\n\t\t\t\t<\/div>\n\t\t\t\t\t\t\t<div class=\"elementor-toggle-item\">\n\t\t\t\t\t<div id=\"elementor-tab-title-2625\" class=\"elementor-tab-title\" data-tab=\"5\" role=\"button\" aria-controls=\"elementor-tab-content-2625\" aria-expanded=\"false\">\n\t\t\t\t\t\t\t\t\t\t\t\t<span class=\"elementor-toggle-icon elementor-toggle-icon-left\" aria-hidden=\"true\">\n\t\t\t\t\t\t\t\t\t\t\t\t\t\t\t<span class=\"elementor-toggle-icon-closed\"><i class=\"fas fa-caret-right\"><\/i><\/span>\n\t\t\t\t\t\t\t\t<span class=\"elementor-toggle-icon-opened\"><i class=\"elementor-toggle-icon-opened fas fa-caret-up\"><\/i><\/span>\n\t\t\t\t\t\t\t\t\t\t\t\t\t<\/span>\n\t\t\t\t\t\t\t\t\t\t\t\t<a class=\"elementor-toggle-title\" tabindex=\"0\">ANALISIS DE CALIDAD DE ENERGIA<\/a>\n\t\t\t\t\t<\/div>\n\n\t\t\t\t\t<div id=\"elementor-tab-content-2625\" class=\"elementor-tab-content elementor-clearfix\" data-tab=\"5\" role=\"region\" aria-labelledby=\"elementor-tab-title-2625\"><ul style=\"font-size: 16px; font-family: 'Open Sans', sans-serif;\"><li style=\"font-size: 16px;\"><span style=\"color: #ff6600;\"><b><i>MEDICION DE PARAMETROS ELECTRICOS,PARA DETERMINAR LA CALIDAD DE ENERGIA<\/i><\/b><\/span><\/li><li style=\"font-size: 16px;\"><span style=\"color: #ff6600;\"><b><i>INSTALACION DE UPS<\/i><\/b><\/span><\/li><\/ul><\/div>\n\t\t\t\t<\/div>\n\t\t\t\t\t\t\t\t<\/div>\n\t\t\t\t<\/div>\n\t\t\t\t<\/div>\n\t\t\t\t<div class=\"elementor-element elementor-element-700a35f elementor-widget elementor-widget-spacer\" data-id=\"700a35f\" data-element_type=\"widget\" data-widget_type=\"spacer.default\">\n\t\t\t\t<div class=\"elementor-widget-container\">\n\t\t\t\t\t<div class=\"elementor-spacer\">\n\t\t\t<div class=\"elementor-spacer-inner\"><\/div>\n\t\t<\/div>\n\t\t\t\t<\/div>\n\t\t\t\t<\/div>\n\t\t\t\t<div class=\"elementor-element elementor-element-5fdb364 elementor-invisible elementor-widget elementor-widget-heading\" data-id=\"5fdb364\" data-element_type=\"widget\" data-settings=\"{&quot;_animation&quot;:&quot;fadeInUp&quot;}\" data-widget_type=\"heading.default\">\n\t\t\t\t<div class=\"elementor-widget-container\">\n\t\t\t<h3 class=\"elementor-heading-title elementor-size-xl\">TELECOMUNICACIONES<\/h3>\t\t<\/div>\n\t\t\t\t<\/div>\n\t\t\t\t<div class=\"elementor-element elementor-element-ecae42d elementor-widget elementor-widget-toggle\" data-id=\"ecae42d\" data-element_type=\"widget\" data-widget_type=\"toggle.default\">\n\t\t\t\t<div class=\"elementor-widget-container\">\n\t\t\t\t\t<div class=\"elementor-toggle\">\n\t\t\t\t\t\t\t<div class=\"elementor-toggle-item\">\n\t\t\t\t\t<div id=\"elementor-tab-title-2481\" class=\"elementor-tab-title\" data-tab=\"1\" role=\"button\" aria-controls=\"elementor-tab-content-2481\" aria-expanded=\"false\">\n\t\t\t\t\t\t\t\t\t\t\t\t<span class=\"elementor-toggle-icon elementor-toggle-icon-left\" aria-hidden=\"true\">\n\t\t\t\t\t\t\t\t\t\t\t\t\t\t\t<span class=\"elementor-toggle-icon-closed\"><i class=\"fas fa-caret-right\"><\/i><\/span>\n\t\t\t\t\t\t\t\t<span class=\"elementor-toggle-icon-opened\"><i class=\"elementor-toggle-icon-opened fas fa-caret-up\"><\/i><\/span>\n\t\t\t\t\t\t\t\t\t\t\t\t\t<\/span>\n\t\t\t\t\t\t\t\t\t\t\t\t<a class=\"elementor-toggle-title\" tabindex=\"0\">DISE\u00d1O Y CONTRUCCION DE REDES DE FIBRA OPTICA FTTX<\/a>\n\t\t\t\t\t<\/div>\n\n\t\t\t\t\t<div id=\"elementor-tab-content-2481\" class=\"elementor-tab-content elementor-clearfix\" data-tab=\"1\" role=\"region\" aria-labelledby=\"elementor-tab-title-2481\"><ul style=\"font-size: 16px;\"><li style=\"font-size: 16px;\"><span style=\"color: #ff6600;\"><b><i>DISE\u00d1O DE REDES DE FIBRA GPON PARA EDIFICIOS,URBANIZACIONES,CONDOMINIOS,ETC.<\/i><\/b><\/span><\/li><li style=\"font-size: 16px;\"><span style=\"color: #ff6600;\"><b><i>TENDIDO DE CABLE DE FIBRA OPTICA<\/i><\/b><\/span><\/li><li style=\"font-size: 16px;\"><span style=\"color: #ff6600;\"><b><i>ARMADO DE REDES DE FIBRA OPTICA<\/i><\/b><\/span><\/li><li style=\"font-size: 16px;\"><span style=\"color: #ff6600;\"><b><i>MATERIALES DE FIBRA \u00d3PTICA<\/i><\/b><\/span><\/li><\/ul><\/div>\n\t\t\t\t<\/div>\n\t\t\t\t\t\t\t<div class=\"elementor-toggle-item\">\n\t\t\t\t\t<div id=\"elementor-tab-title-2482\" class=\"elementor-tab-title\" data-tab=\"2\" role=\"button\" aria-controls=\"elementor-tab-content-2482\" aria-expanded=\"false\">\n\t\t\t\t\t\t\t\t\t\t\t\t<span class=\"elementor-toggle-icon elementor-toggle-icon-left\" aria-hidden=\"true\">\n\t\t\t\t\t\t\t\t\t\t\t\t\t\t\t<span class=\"elementor-toggle-icon-closed\"><i class=\"fas fa-caret-right\"><\/i><\/span>\n\t\t\t\t\t\t\t\t<span class=\"elementor-toggle-icon-opened\"><i class=\"elementor-toggle-icon-opened fas fa-caret-up\"><\/i><\/span>\n\t\t\t\t\t\t\t\t\t\t\t\t\t<\/span>\n\t\t\t\t\t\t\t\t\t\t\t\t<a class=\"elementor-toggle-title\" tabindex=\"0\">DISE\u00d1O Y CONSTRUCCION DE CABLEADO ESTRUCTURADO<\/a>\n\t\t\t\t\t<\/div>\n\n\t\t\t\t\t<div id=\"elementor-tab-content-2482\" class=\"elementor-tab-content elementor-clearfix\" data-tab=\"2\" role=\"region\" aria-labelledby=\"elementor-tab-title-2482\"><ul style=\"font-size: 16px;\"><li style=\"font-size: 16px; text-align: left;\"><span style=\"color: #ff6600;\"><b><i>DISE\u00d1O Y CONSTRUCCION DE REDES DE CABLEADO ESTRUCTURADO.<\/i><\/b><\/span><\/li><li style=\"font-size: 16px;\"><span style=\"font-size: 16px; color: #ff6600;\"><b><i>DISE\u00d1O Y CONSTRUCCION DE REDES TELEFONICAS,ANALOGAS E IP<\/i><\/b><\/span><\/li><li style=\"font-size: 16px;\"><span style=\"font-size: 16px; color: #ff6600;\"><b><i>CENTRALES IP Y ANALOGAS<\/i><\/b><\/span><\/li><\/ul><\/div>\n\t\t\t\t<\/div>\n\t\t\t\t\t\t\t\t<\/div>\n\t\t\t\t<\/div>\n\t\t\t\t<\/div>\n\t\t\t\t\t<\/div>\n\t\t<\/div>\n\t\t\t\t\t\t\t<\/div>\n\t\t<\/section>\n\t\t\t\t<section class=\"elementor-section elementor-top-section elementor-element elementor-element-9944803 elementor-section-boxed elementor-section-height-default elementor-section-height-default\" data-id=\"9944803\" data-element_type=\"section\">\n\t\t\t\t\t\t<div class=\"elementor-container elementor-column-gap-default\">\n\t\t\t\t\t<div class=\"elementor-column elementor-col-100 elementor-top-column elementor-element elementor-element-c7990bb\" data-id=\"c7990bb\" data-element_type=\"column\">\n\t\t\t<div class=\"elementor-widget-wrap elementor-element-populated\">\n\t\t\t\t\t\t\t\t<div class=\"elementor-element elementor-element-746d6a5 elementor-widget elementor-widget-spacer\" data-id=\"746d6a5\" data-element_type=\"widget\" data-widget_type=\"spacer.default\">\n\t\t\t\t<div class=\"elementor-widget-container\">\n\t\t\t\t\t<div class=\"elementor-spacer\">\n\t\t\t<div class=\"elementor-spacer-inner\"><\/div>\n\t\t<\/div>\n\t\t\t\t<\/div>\n\t\t\t\t<\/div>\n\t\t\t\t\t<\/div>\n\t\t<\/div>\n\t\t\t\t\t\t\t<\/div>\n\t\t<\/section>\n\t\t\t\t\t\t\t<\/div>\n\t\t","protected":false},"excerpt":{"rendered":"<p>INGENIERIA ELECTR\u00d3NICA DOM\u00d3TICA CONTROL DE ILUMINACION CONTROL DE AUDIO CONTROL DE TEMPERATURA CONTROL DE CORTINAS CONTROL MULTIMEDIA AUTOMATIZACI\u00d3N INDUSTRIAL CONTROL DE MOTORES ELECTRICOS \u00a0TRANSFERENCIAS ELECTRICAS AUTOMATICAS Y MANUALES AUTOMATIZACION DE MAQUINARIAS Y PROCESOS INDUSTRIALES DISE\u00d1O Y CONSTRUCCION DE TABLEROS ELECTRICOS DE CONTROL PROGRAMACION DE PLCS, VARIADORES DE FRECUENCIA, HMIS \u00a0CALCULO DE BANCO DE CONDENSADORES DISE\u00d1O &hellip;<\/p>\n<p class=\"read-more\"> <a class=\"\" href=\"https:\/\/abelectronics.com.ec\/?page_id=2147\"> <span class=\"screen-reader-text\">SERVICIOS<\/span> Leer m\u00e1s &raquo;<\/a><\/p>\n","protected":false},"author":1,"featured_media":0,"parent":0,"menu_order":2,"comment_status":"closed","ping_status":"closed","template":"","meta":{"site-sidebar-layout":"no-sidebar","site-content-layout":"page-builder","ast-global-header-display":"","ast-banner-title-visibility":"","ast-main-header-display":"","ast-hfb-above-header-display":"","ast-hfb-below-header-display":"","ast-hfb-mobile-header-display":"","site-post-title":"disabled","ast-breadcrumbs-content":"","ast-featured-img":"","footer-sml-layout":"","theme-transparent-header-meta":"default","adv-header-id-meta":"","stick-header-meta":"","header-above-stick-meta":"","header-main-stick-meta":"","header-below-stick-meta":"","_joinchat":[],"footnotes":""},"class_list":["post-2147","page","type-page","status-publish","hentry"],"_links":{"self":[{"href":"https:\/\/abelectronics.com.ec\/index.php?rest_route=\/wp\/v2\/pages\/2147","targetHints":{"allow":["GET"]}}],"collection":[{"href":"https:\/\/abelectronics.com.ec\/index.php?rest_route=\/wp\/v2\/pages"}],"about":[{"href":"https:\/\/abelectronics.com.ec\/index.php?rest_route=\/wp\/v2\/types\/page"}],"author":[{"embeddable":true,"href":"https:\/\/abelectronics.com.ec\/index.php?rest_route=\/wp\/v2\/users\/1"}],"replies":[{"embeddable":true,"href":"https:\/\/abelectronics.com.ec\/index.php?rest_route=%2Fwp%2Fv2%2Fcomments&post=2147"}],"version-history":[{"count":152,"href":"https:\/\/abelectronics.com.ec\/index.php?rest_route=\/wp\/v2\/pages\/2147\/revisions"}],"predecessor-version":[{"id":2895,"href":"https:\/\/abelectronics.com.ec\/index.php?rest_route=\/wp\/v2\/pages\/2147\/revisions\/2895"}],"wp:attachment":[{"href":"https:\/\/abelectronics.com.ec\/index.php?rest_route=%2Fwp%2Fv2%2Fmedia&parent=2147"}],"curies":[{"name":"wp","href":"https:\/\/api.w.org\/{rel}","templated":true}]}}