{"id":2502,"date":"2021-03-26T12:58:29","date_gmt":"2021-03-26T17:58:29","guid":{"rendered":"https:\/\/abelectronics.com.ec\/?post_type=product&#038;p=2502"},"modified":"2021-05-03T12:02:11","modified_gmt":"2021-05-03T17:02:11","slug":"eletrificador-de-cerca","status":"publish","type":"product","link":"https:\/\/abelectronics.com.ec\/?product=eletrificador-de-cerca","title":{"rendered":"Eletrificador de cerca"},"content":{"rendered":"<p>TeClam MAX-8000<\/p>\n<ul>\n<li>Salida de:<br \/>\n8.000 Voltios \/ 2600 metros (lineales) de alambre<br \/>\n10.000 Voltios \/ 2800 metros (lineales) de alambre<br \/>\n13.000 Voltios \/ 3000 metros (lineales) de alambre, seleccionable mediante jumper<\/li>\n<li>Receptor 433MHz HC y CL.<\/li>\n<li>Control remoto incluido.<\/li>\n<li>Fuente conmutada modular: con entrada de alimentaci\u00f3n AC bivoltaica autom\u00e1tica (127\/220 Voltios) y f\u00edsicamente separada de la central.<\/li>\n<li>Para cercas con hasta 3.000 metros lineales de alambre.-<\/li>\n<li>1 sector de alarma mixta y configurable como inmediato, temporizado, 24 horas o inteligente.<\/li>\n<li>Receptor interno 433MHz doble est\u00e1ndar: salto de c\u00f3digo (HC) y c\u00f3digo de aprendizaje (CL).<\/li>\n<li>\u00a0Indicaci\u00f3n de bater\u00eda baja para sensores inal\u00e1mbricos (est\u00e1ndar hopping code &#8211; HC).<\/li>\n<\/ul>\n","protected":false},"excerpt":{"rendered":"<p>TeClam MAX-8000 Salida de: 8.000 Voltios \/ 2600 metros (lineales) de alambre 10.000 Voltios \/ 2800 metros (lineales) de alambre 13.000 Voltios \/ 3000 metros (lineales) de alambre, seleccionable mediante jumper Receptor 433MHz HC y CL. Control remoto incluido. Fuente conmutada modular: con entrada de alimentaci\u00f3n AC bivoltaica autom\u00e1tica (127\/220 Voltios) y f\u00edsicamente separada de &hellip;<\/p>\n<p class=\"read-more\"> <a class=\"\" href=\"https:\/\/abelectronics.com.ec\/?product=eletrificador-de-cerca\"> <span class=\"screen-reader-text\">Eletrificador de cerca<\/span> Leer m\u00e1s &raquo;<\/a><\/p>\n","protected":false},"featured_media":2501,"comment_status":"closed","ping_status":"closed","template":"","meta":{"site-sidebar-layout":"default","site-content-layout":"default","ast-global-header-display":"","ast-banner-title-visibility":"","ast-main-header-display":"","ast-hfb-above-header-display":"","ast-hfb-below-header-display":"","ast-hfb-mobile-header-display":"","site-post-title":"","ast-breadcrumbs-content":"","ast-featured-img":"","footer-sml-layout":"","theme-transparent-header-meta":"default","adv-header-id-meta":"","stick-header-meta":"","header-above-stick-meta":"","header-main-stick-meta":"","header-below-stick-meta":"","_joinchat":[]},"product_cat":[32],"product_tag":[],"class_list":{"0":"post-2502","1":"product","2":"type-product","3":"status-publish","4":"has-post-thumbnail","6":"product_cat-cerca-electrica","7":"desktop-align-left","8":"tablet-align-left","9":"mobile-align-left","11":"first","12":"instock","13":"virtual","14":"taxable","15":"purchasable","16":"product-type-simple"},"_links":{"self":[{"href":"https:\/\/abelectronics.com.ec\/index.php?rest_route=\/wp\/v2\/product\/2502","targetHints":{"allow":["GET"]}}],"collection":[{"href":"https:\/\/abelectronics.com.ec\/index.php?rest_route=\/wp\/v2\/product"}],"about":[{"href":"https:\/\/abelectronics.com.ec\/index.php?rest_route=\/wp\/v2\/types\/product"}],"replies":[{"embeddable":true,"href":"https:\/\/abelectronics.com.ec\/index.php?rest_route=%2Fwp%2Fv2%2Fcomments&post=2502"}],"wp:featuredmedia":[{"embeddable":true,"href":"https:\/\/abelectronics.com.ec\/index.php?rest_route=\/wp\/v2\/media\/2501"}],"wp:attachment":[{"href":"https:\/\/abelectronics.com.ec\/index.php?rest_route=%2Fwp%2Fv2%2Fmedia&parent=2502"}],"wp:term":[{"taxonomy":"product_cat","embeddable":true,"href":"https:\/\/abelectronics.com.ec\/index.php?rest_route=%2Fwp%2Fv2%2Fproduct_cat&post=2502"},{"taxonomy":"product_tag","embeddable":true,"href":"https:\/\/abelectronics.com.ec\/index.php?rest_route=%2Fwp%2Fv2%2Fproduct_tag&post=2502"}],"curies":[{"name":"wp","href":"https:\/\/api.w.org\/{rel}","templated":true}]}}